{"id":2328,"date":"2024-02-10T23:14:58","date_gmt":"2024-02-10T23:14:58","guid":{"rendered":"https:\/\/solucionesdeimpresion.meinsa.es\/empresa\/"},"modified":"2024-04-15T07:05:14","modified_gmt":"2024-04-15T07:05:14","slug":"empresa","status":"publish","type":"page","link":"https:\/\/solucionesdeimpresion.meinsa.es\/ca\/empresa\/","title":{"rendered":"Empresa"},"content":{"rendered":"\t\t<div data-elementor-type=\"wp-page\" data-elementor-id=\"2328\" class=\"elementor elementor-2328 elementor-225\" data-elementor-post-type=\"page\">\n\t\t\t\t<div class=\"elementor-element elementor-element-5c3d5af e-flex e-con-boxed e-con e-parent\" data-id=\"5c3d5af\" data-element_type=\"container\" data-settings=\"{&quot;background_background&quot;:&quot;classic&quot;}\" data-core-v316-plus=\"true\">\n\t\t\t\t\t<div class=\"e-con-inner\">\n\t\t<div class=\"elementor-element elementor-element-6cdcd9b e-con-full e-flex e-con e-child\" data-id=\"6cdcd9b\" data-element_type=\"container\">\n\t\t\t\t<div class=\"elementor-element elementor-element-4e519d6 elementor-widget elementor-widget-image\" data-id=\"4e519d6\" data-element_type=\"widget\" data-widget_type=\"image.default\">\n\t\t\t\t<div class=\"elementor-widget-container\">\n\t\t\t\t\t\t\t\t\t\t\t\t\t<img fetchpriority=\"high\" decoding=\"async\" width=\"800\" height=\"515\" src=\"https:\/\/solucionesdeimpresion.meinsa.es\/wp-content\/uploads\/2024\/02\/Barcelona-aumentada.png\" class=\"attachment-large size-large wp-image-1139\" alt=\"\" srcset=\"https:\/\/solucionesdeimpresion.meinsa.es\/wp-content\/uploads\/2024\/02\/Barcelona-aumentada.png 1000w, https:\/\/solucionesdeimpresion.meinsa.es\/wp-content\/uploads\/2024\/02\/Barcelona-aumentada-300x193.png 300w, https:\/\/solucionesdeimpresion.meinsa.es\/wp-content\/uploads\/2024\/02\/Barcelona-aumentada-768x495.png 768w\" sizes=\"(max-width: 800px) 100vw, 800px\" \/>\t\t\t\t\t\t\t\t\t\t\t\t\t<\/div>\n\t\t\t\t<\/div>\n\t\t\t\t<\/div>\n\t\t<div class=\"elementor-element elementor-element-96de3d4 e-con-full e-flex e-con e-child\" data-id=\"96de3d4\" data-element_type=\"container\">\n\t\t\t\t<div class=\"elementor-element elementor-element-768630e elementor-widget elementor-widget-heading\" data-id=\"768630e\" data-element_type=\"widget\" data-widget_type=\"heading.default\">\n\t\t\t\t<div class=\"elementor-widget-container\">\n\t\t\t<h1 class=\"elementor-heading-title elementor-size-default\">Meinsa Sistemas<\/h1>\t\t<\/div>\n\t\t\t\t<\/div>\n\t\t\t\t<div class=\"elementor-element elementor-element-256942d elementor-widget elementor-widget-text-editor\" data-id=\"256942d\" data-element_type=\"widget\" data-widget_type=\"text-editor.default\">\n\t\t\t\t<div class=\"elementor-widget-container\">\n\t\t\t\t\t\t\t<p>Vam n\u00e9ixer a Barcelona fa gaireb\u00e9 tres d\u00e8cades. Des de llavors, la tecnologia ha evolucionat enormement\u2026 I nosaltres amb ella.<\/p>\n<p>Ajudem a les empreses perqu\u00e8 no volem que ning\u00fa es quedi fora de la imparable digitalitzaci\u00f3.<\/p>\n<p>Proposem solucions estrat\u00e8giques en tecnologies d&#8217;impressi\u00f3 avan\u00e7ades i adaptades a companyies de tots els sectors i grand\u00e0ries.<\/p>\n\t\t\t\t\t\t<\/div>\n\t\t\t\t<\/div>\n\t\t\t\t<\/div>\n\t\t\t\t\t<\/div>\n\t\t\t\t<\/div>\n\t\t<div class=\"elementor-element elementor-element-187303d e-flex e-con-boxed e-con e-parent\" data-id=\"187303d\" data-element_type=\"container\" data-core-v316-plus=\"true\">\n\t\t\t\t\t<div class=\"e-con-inner\">\n\t\t<div class=\"elementor-element elementor-element-1d8a88c e-con-full e-flex e-con e-child\" data-id=\"1d8a88c\" data-element_type=\"container\">\n\t\t\t\t<div class=\"elementor-element elementor-element-288876d elementor-widget elementor-widget-image\" data-id=\"288876d\" data-element_type=\"widget\" data-widget_type=\"image.default\">\n\t\t\t\t<div class=\"elementor-widget-container\">\n\t\t\t\t\t\t\t\t\t\t\t\t\t<img decoding=\"async\" width=\"126\" height=\"81\" src=\"https:\/\/solucionesdeimpresion.meinsa.es\/wp-content\/uploads\/2024\/02\/Group.png\" class=\"attachment-large size-large wp-image-772\" alt=\"\" \/>\t\t\t\t\t\t\t\t\t\t\t\t\t<\/div>\n\t\t\t\t<\/div>\n\t\t\t\t<div class=\"elementor-element elementor-element-ff963ec elementor-widget elementor-widget-text-editor\" data-id=\"ff963ec\" data-element_type=\"widget\" data-widget_type=\"text-editor.default\">\n\t\t\t\t<div class=\"elementor-widget-container\">\n\t\t\t\t\t\t\t<p>La nostra seu est\u00e0 a Barcelona, per\u00f2 el nostre \u00e0mbit d&#8217;actuaci\u00f3 abasta tot el territori nacional. Digues-nos qu\u00e8 necessites i arribarem on estiguis per a brindar-te la soluci\u00f3 id\u00f2nia.<\/p>\n\t\t\t\t\t\t<\/div>\n\t\t\t\t<\/div>\n\t\t\t\t<\/div>\n\t\t<div class=\"elementor-element elementor-element-b94e517 e-con-full e-flex e-con e-child\" data-id=\"b94e517\" data-element_type=\"container\">\n\t\t\t\t<div class=\"elementor-element elementor-element-926fcfc elementor-widget elementor-widget-image\" data-id=\"926fcfc\" data-element_type=\"widget\" data-widget_type=\"image.default\">\n\t\t\t\t<div class=\"elementor-widget-container\">\n\t\t\t\t\t\t\t\t\t\t\t\t\t<img decoding=\"async\" width=\"800\" height=\"482\" src=\"https:\/\/solucionesdeimpresion.meinsa.es\/wp-content\/uploads\/2024\/02\/job-5382501_1920-1024x617.jpg\" class=\"attachment-large size-large wp-image-401\" alt=\"\" srcset=\"https:\/\/solucionesdeimpresion.meinsa.es\/wp-content\/uploads\/2024\/02\/job-5382501_1920-1024x617.jpg 1024w, https:\/\/solucionesdeimpresion.meinsa.es\/wp-content\/uploads\/2024\/02\/job-5382501_1920-300x181.jpg 300w, https:\/\/solucionesdeimpresion.meinsa.es\/wp-content\/uploads\/2024\/02\/job-5382501_1920-768x462.jpg 768w, https:\/\/solucionesdeimpresion.meinsa.es\/wp-content\/uploads\/2024\/02\/job-5382501_1920-1536x925.jpg 1536w, https:\/\/solucionesdeimpresion.meinsa.es\/wp-content\/uploads\/2024\/02\/job-5382501_1920.jpg 1920w\" sizes=\"(max-width: 800px) 100vw, 800px\" \/>\t\t\t\t\t\t\t\t\t\t\t\t\t<\/div>\n\t\t\t\t<\/div>\n\t\t\t\t<\/div>\n\t\t\t\t\t<\/div>\n\t\t\t\t<\/div>\n\t\t<div class=\"elementor-element elementor-element-d9e672f elementor-hidden-desktop elementor-hidden-tablet elementor-hidden-mobile e-flex e-con-boxed e-con e-parent\" data-id=\"d9e672f\" data-element_type=\"container\" data-core-v316-plus=\"true\">\n\t\t\t\t\t<div class=\"e-con-inner\">\n\t\t\t\t<div class=\"elementor-element elementor-element-97d4062 elementor-widget elementor-widget-image\" data-id=\"97d4062\" data-element_type=\"widget\" data-widget_type=\"image.default\">\n\t\t\t\t<div class=\"elementor-widget-container\">\n\t\t\t\t\t\t\t\t\t\t\t\t\t<img loading=\"lazy\" decoding=\"async\" width=\"515\" height=\"516\" src=\"https:\/\/solucionesdeimpresion.meinsa.es\/wp-content\/uploads\/2024\/02\/Group-6.png\" class=\"attachment-large size-large wp-image-776\" alt=\"\" srcset=\"https:\/\/solucionesdeimpresion.meinsa.es\/wp-content\/uploads\/2024\/02\/Group-6.png 515w, https:\/\/solucionesdeimpresion.meinsa.es\/wp-content\/uploads\/2024\/02\/Group-6-300x300.png 300w, https:\/\/solucionesdeimpresion.meinsa.es\/wp-content\/uploads\/2024\/02\/Group-6-150x150.png 150w\" sizes=\"(max-width: 515px) 100vw, 515px\" \/>\t\t\t\t\t\t\t\t\t\t\t\t\t<\/div>\n\t\t\t\t<\/div>\n\t\t\t\t\t<\/div>\n\t\t\t\t<\/div>\n\t\t<div class=\"elementor-element elementor-element-5c5c047 e-flex e-con-boxed e-con e-parent\" data-id=\"5c5c047\" data-element_type=\"container\" data-core-v316-plus=\"true\">\n\t\t\t\t\t<div class=\"e-con-inner\">\n\t\t<div class=\"elementor-element elementor-element-9c3a483 e-con-full e-flex e-con e-child\" data-id=\"9c3a483\" data-element_type=\"container\">\n\t\t\t\t<div class=\"elementor-element elementor-element-f3f99ce elementor-widget elementor-widget-text-editor\" data-id=\"f3f99ce\" data-element_type=\"widget\" data-widget_type=\"text-editor.default\">\n\t\t\t\t<div class=\"elementor-widget-container\">\n\t\t\t\t\t\t\t<p>Un equip de 24 persones treballa per donar respostes \u00e0gils als nostres clients. Ens esforcem perqu\u00e8 la tecnologia sigui accessible i pr\u00f2xima. Les nostres habilitats, els nostres coneixements i la nostra experi\u00e8ncia en el sector de la impressi\u00f3 ens han convertit en el que som avui: l&#8217;empresa de solucions d&#8217;impressi\u00f3 pr\u00f2xima, din\u00e0mica i flexible que sempre vam voler ser.<\/p>\n\t\t\t\t\t\t<\/div>\n\t\t\t\t<\/div>\n\t\t\t\t<\/div>\n\t\t<div class=\"elementor-element elementor-element-432a590 e-con-full e-flex e-con e-child\" data-id=\"432a590\" data-element_type=\"container\">\n\t\t\t\t<div class=\"elementor-element elementor-element-636d8b6 elementor-widget elementor-widget-heading\" data-id=\"636d8b6\" data-element_type=\"widget\" data-widget_type=\"heading.default\">\n\t\t\t\t<div class=\"elementor-widget-container\">\n\t\t\t<h2 class=\"elementor-heading-title elementor-size-default\">24<\/h2>\t\t<\/div>\n\t\t\t\t<\/div>\n\t\t\t\t<\/div>\n\t\t\t\t\t<\/div>\n\t\t\t\t<\/div>\n\t\t<div class=\"elementor-element elementor-element-c485989 e-flex e-con-boxed e-con e-parent\" data-id=\"c485989\" data-element_type=\"container\" data-settings=\"{&quot;background_background&quot;:&quot;classic&quot;}\" data-core-v316-plus=\"true\">\n\t\t\t\t\t<div class=\"e-con-inner\">\n\t\t\t\t<div class=\"elementor-element elementor-element-7c2f89b elementor-widget elementor-widget-text-editor\" data-id=\"7c2f89b\" data-element_type=\"widget\" data-widget_type=\"text-editor.default\">\n\t\t\t\t<div class=\"elementor-widget-container\">\n\t\t\t\t\t\t\t<p>Vols ser MaaS?<\/p>\n\t\t\t\t\t\t<\/div>\n\t\t\t\t<\/div>\n\t\t\t\t<div class=\"elementor-element elementor-element-3d76bbb elementor-widget elementor-widget-text-editor\" data-id=\"3d76bbb\" data-element_type=\"widget\" data-widget_type=\"text-editor.default\">\n\t\t\t\t<div class=\"elementor-widget-container\">\n\t\t\t\t\t\t\t<p>Contacta amb nosaltres i suma&#8217;t a la impressi\u00f3 intel\u00b7ligent.<\/p>\n\t\t\t\t\t\t<\/div>\n\t\t\t\t<\/div>\n\t\t\t\t<div class=\"elementor-element elementor-element-600dcdc elementor-align-center elementor-widget elementor-widget-button\" data-id=\"600dcdc\" data-element_type=\"widget\" data-widget_type=\"button.default\">\n\t\t\t\t<div class=\"elementor-widget-container\">\n\t\t\t\t\t<div class=\"elementor-button-wrapper\">\n\t\t\t<a class=\"elementor-button elementor-button-link elementor-size-sm\" href=\"https:\/\/solucionesdeimpresion.meinsa.es\/ca\/contacte\/\">\n\t\t\t\t\t\t<span class=\"elementor-button-content-wrapper\">\n\t\t\t\t\t\t<span class=\"elementor-button-text\">CONTACTA<\/span>\n\t\t<\/span>\n\t\t\t\t\t<\/a>\n\t\t<\/div>\n\t\t\t\t<\/div>\n\t\t\t\t<\/div>\n\t\t\t\t\t<\/div>\n\t\t\t\t<\/div>\n\t\t\t\t<\/div>\n\t\t","protected":false},"excerpt":{"rendered":"<p>Meinsa Sistemas Vam n\u00e9ixer a Barcelona fa gaireb\u00e9 tres d\u00e8cades. Des de llavors, la tecnologia ha evolucionat enormement\u2026 I nosaltres amb ella. Ajudem a les empreses perqu\u00e8 no volem que ning\u00fa es quedi fora de la imparable digitalitzaci\u00f3. Proposem solucions estrat\u00e8giques en tecnologies d&#8217;impressi\u00f3 avan\u00e7ades i adaptades a companyies de tots els sectors i grand\u00e0ries. [&hellip;]<\/p>\n","protected":false},"author":1,"featured_media":0,"parent":0,"menu_order":0,"comment_status":"closed","ping_status":"closed","template":"elementor_header_footer","meta":{"footnotes":""},"class_list":["post-2328","page","type-page","status-publish","hentry"],"yoast_head":"<!-- This site is optimized with the Yoast SEO plugin v23.4 - https:\/\/yoast.com\/wordpress\/plugins\/seo\/ -->\n<title>Meinsa Sistemes: 30 Anys d&#039;Innovaci\u00f3 en Tecnologia d&#039;Impressi\u00f3<\/title>\n<meta name=\"description\" content=\"Meinsa Sistemes: 30 anys liderant la impressi\u00f3 sostenible. Solucions avan\u00e7ades per a empreses de totes les grand\u00e0ries.\" \/>\n<meta name=\"robots\" content=\"index, follow, max-snippet:-1, max-image-preview:large, max-video-preview:-1\" \/>\n<link rel=\"canonical\" href=\"https:\/\/solucionesdeimpresion.meinsa.es\/ca\/empresa\/\" \/>\n<meta property=\"og:locale\" content=\"ca_ES\" \/>\n<meta property=\"og:type\" content=\"article\" \/>\n<meta property=\"og:title\" content=\"Meinsa Sistemes: 30 Anys d&#039;Innovaci\u00f3 en Tecnologia d&#039;Impressi\u00f3\" \/>\n<meta property=\"og:description\" content=\"Meinsa Sistemes: 30 anys liderant la impressi\u00f3 sostenible. Solucions avan\u00e7ades per a empreses de totes les grand\u00e0ries.\" \/>\n<meta property=\"og:url\" content=\"https:\/\/solucionesdeimpresion.meinsa.es\/ca\/empresa\/\" \/>\n<meta property=\"og:site_name\" content=\"Solucions d&#039;impressi\u00f3 Meinsa\" \/>\n<meta property=\"article:modified_time\" content=\"2024-04-15T07:05:14+00:00\" \/>\n<meta property=\"og:image\" content=\"https:\/\/solucionesdeimpresion.meinsa.es\/wp-content\/uploads\/2024\/02\/Barcelona-aumentada.png\" \/>\n<meta name=\"twitter:card\" content=\"summary_large_image\" \/>\n<meta name=\"twitter:label1\" content=\"Temps estimat de lectura\" \/>\n\t<meta name=\"twitter:data1\" content=\"1 minut\" \/>\n<script type=\"application\/ld+json\" class=\"yoast-schema-graph\">{\"@context\":\"https:\/\/schema.org\",\"@graph\":[{\"@type\":\"WebPage\",\"@id\":\"https:\/\/solucionesdeimpresion.meinsa.es\/ca\/empresa\/\",\"url\":\"https:\/\/solucionesdeimpresion.meinsa.es\/ca\/empresa\/\",\"name\":\"Meinsa Sistemes: 30 Anys d'Innovaci\u00f3 en Tecnologia d'Impressi\u00f3\",\"isPartOf\":{\"@id\":\"https:\/\/solucionesdeimpresion.meinsa.es\/ca\/#website\"},\"primaryImageOfPage\":{\"@id\":\"https:\/\/solucionesdeimpresion.meinsa.es\/ca\/empresa\/#primaryimage\"},\"image\":{\"@id\":\"https:\/\/solucionesdeimpresion.meinsa.es\/ca\/empresa\/#primaryimage\"},\"thumbnailUrl\":\"https:\/\/solucionesdeimpresion.meinsa.es\/wp-content\/uploads\/2024\/02\/Barcelona-aumentada.png\",\"datePublished\":\"2024-02-10T23:14:58+00:00\",\"dateModified\":\"2024-04-15T07:05:14+00:00\",\"description\":\"Meinsa Sistemes: 30 anys liderant la impressi\u00f3 sostenible. Solucions avan\u00e7ades per a empreses de totes les grand\u00e0ries.\",\"breadcrumb\":{\"@id\":\"https:\/\/solucionesdeimpresion.meinsa.es\/ca\/empresa\/#breadcrumb\"},\"inLanguage\":\"ca\",\"potentialAction\":[{\"@type\":\"ReadAction\",\"target\":[\"https:\/\/solucionesdeimpresion.meinsa.es\/ca\/empresa\/\"]}]},{\"@type\":\"ImageObject\",\"inLanguage\":\"ca\",\"@id\":\"https:\/\/solucionesdeimpresion.meinsa.es\/ca\/empresa\/#primaryimage\",\"url\":\"https:\/\/solucionesdeimpresion.meinsa.es\/wp-content\/uploads\/2024\/02\/Barcelona-aumentada.png\",\"contentUrl\":\"https:\/\/solucionesdeimpresion.meinsa.es\/wp-content\/uploads\/2024\/02\/Barcelona-aumentada.png\"},{\"@type\":\"BreadcrumbList\",\"@id\":\"https:\/\/solucionesdeimpresion.meinsa.es\/ca\/empresa\/#breadcrumb\",\"itemListElement\":[{\"@type\":\"ListItem\",\"position\":1,\"name\":\"Soluciones\",\"item\":\"https:\/\/solucionesdeimpresion.meinsa.es\/ca\/\"},{\"@type\":\"ListItem\",\"position\":2,\"name\":\"Empresa\"}]},{\"@type\":\"WebSite\",\"@id\":\"https:\/\/solucionesdeimpresion.meinsa.es\/ca\/#website\",\"url\":\"https:\/\/solucionesdeimpresion.meinsa.es\/ca\/\",\"name\":\"Soluciones de Impresi\u00f3n | Meinsa sistemas\",\"description\":\"\",\"publisher\":{\"@id\":\"https:\/\/solucionesdeimpresion.meinsa.es\/ca\/#organization\"},\"potentialAction\":[{\"@type\":\"SearchAction\",\"target\":{\"@type\":\"EntryPoint\",\"urlTemplate\":\"https:\/\/solucionesdeimpresion.meinsa.es\/ca\/?s={search_term_string}\"},\"query-input\":{\"@type\":\"PropertyValueSpecification\",\"valueRequired\":true,\"valueName\":\"search_term_string\"}}],\"inLanguage\":\"ca\"},{\"@type\":\"Organization\",\"@id\":\"https:\/\/solucionesdeimpresion.meinsa.es\/ca\/#organization\",\"name\":\"Meinsa sistemas\",\"url\":\"https:\/\/solucionesdeimpresion.meinsa.es\/ca\/\",\"logo\":{\"@type\":\"ImageObject\",\"inLanguage\":\"ca\",\"@id\":\"https:\/\/solucionesdeimpresion.meinsa.es\/ca\/#\/schema\/logo\/image\/\",\"url\":\"https:\/\/solucionesdeimpresion.meinsa.es\/wp-content\/uploads\/2024\/02\/Isotip_meinsa_72dpiPNG-hori-REC.png\",\"contentUrl\":\"https:\/\/solucionesdeimpresion.meinsa.es\/wp-content\/uploads\/2024\/02\/Isotip_meinsa_72dpiPNG-hori-REC.png\",\"width\":971,\"height\":438,\"caption\":\"Meinsa sistemas\"},\"image\":{\"@id\":\"https:\/\/solucionesdeimpresion.meinsa.es\/ca\/#\/schema\/logo\/image\/\"},\"sameAs\":[\"https:\/\/www.linkedin.com\/company\/meinsa-sistemas-s-l\/\"]}]}<\/script>\n<!-- \/ Yoast SEO plugin. -->","yoast_head_json":{"title":"Meinsa Sistemes: 30 Anys d'Innovaci\u00f3 en Tecnologia d'Impressi\u00f3","description":"Meinsa Sistemes: 30 anys liderant la impressi\u00f3 sostenible. Solucions avan\u00e7ades per a empreses de totes les grand\u00e0ries.","robots":{"index":"index","follow":"follow","max-snippet":"max-snippet:-1","max-image-preview":"max-image-preview:large","max-video-preview":"max-video-preview:-1"},"canonical":"https:\/\/solucionesdeimpresion.meinsa.es\/ca\/empresa\/","og_locale":"ca_ES","og_type":"article","og_title":"Meinsa Sistemes: 30 Anys d'Innovaci\u00f3 en Tecnologia d'Impressi\u00f3","og_description":"Meinsa Sistemes: 30 anys liderant la impressi\u00f3 sostenible. Solucions avan\u00e7ades per a empreses de totes les grand\u00e0ries.","og_url":"https:\/\/solucionesdeimpresion.meinsa.es\/ca\/empresa\/","og_site_name":"Solucions d'impressi\u00f3 Meinsa","article_modified_time":"2024-04-15T07:05:14+00:00","og_image":[{"url":"https:\/\/solucionesdeimpresion.meinsa.es\/wp-content\/uploads\/2024\/02\/Barcelona-aumentada.png"}],"twitter_card":"summary_large_image","twitter_misc":{"Temps estimat de lectura":"1 minut"},"schema":{"@context":"https:\/\/schema.org","@graph":[{"@type":"WebPage","@id":"https:\/\/solucionesdeimpresion.meinsa.es\/ca\/empresa\/","url":"https:\/\/solucionesdeimpresion.meinsa.es\/ca\/empresa\/","name":"Meinsa Sistemes: 30 Anys d'Innovaci\u00f3 en Tecnologia d'Impressi\u00f3","isPartOf":{"@id":"https:\/\/solucionesdeimpresion.meinsa.es\/ca\/#website"},"primaryImageOfPage":{"@id":"https:\/\/solucionesdeimpresion.meinsa.es\/ca\/empresa\/#primaryimage"},"image":{"@id":"https:\/\/solucionesdeimpresion.meinsa.es\/ca\/empresa\/#primaryimage"},"thumbnailUrl":"https:\/\/solucionesdeimpresion.meinsa.es\/wp-content\/uploads\/2024\/02\/Barcelona-aumentada.png","datePublished":"2024-02-10T23:14:58+00:00","dateModified":"2024-04-15T07:05:14+00:00","description":"Meinsa Sistemes: 30 anys liderant la impressi\u00f3 sostenible. Solucions avan\u00e7ades per a empreses de totes les grand\u00e0ries.","breadcrumb":{"@id":"https:\/\/solucionesdeimpresion.meinsa.es\/ca\/empresa\/#breadcrumb"},"inLanguage":"ca","potentialAction":[{"@type":"ReadAction","target":["https:\/\/solucionesdeimpresion.meinsa.es\/ca\/empresa\/"]}]},{"@type":"ImageObject","inLanguage":"ca","@id":"https:\/\/solucionesdeimpresion.meinsa.es\/ca\/empresa\/#primaryimage","url":"https:\/\/solucionesdeimpresion.meinsa.es\/wp-content\/uploads\/2024\/02\/Barcelona-aumentada.png","contentUrl":"https:\/\/solucionesdeimpresion.meinsa.es\/wp-content\/uploads\/2024\/02\/Barcelona-aumentada.png"},{"@type":"BreadcrumbList","@id":"https:\/\/solucionesdeimpresion.meinsa.es\/ca\/empresa\/#breadcrumb","itemListElement":[{"@type":"ListItem","position":1,"name":"Soluciones","item":"https:\/\/solucionesdeimpresion.meinsa.es\/ca\/"},{"@type":"ListItem","position":2,"name":"Empresa"}]},{"@type":"WebSite","@id":"https:\/\/solucionesdeimpresion.meinsa.es\/ca\/#website","url":"https:\/\/solucionesdeimpresion.meinsa.es\/ca\/","name":"Soluciones de Impresi\u00f3n | Meinsa sistemas","description":"","publisher":{"@id":"https:\/\/solucionesdeimpresion.meinsa.es\/ca\/#organization"},"potentialAction":[{"@type":"SearchAction","target":{"@type":"EntryPoint","urlTemplate":"https:\/\/solucionesdeimpresion.meinsa.es\/ca\/?s={search_term_string}"},"query-input":{"@type":"PropertyValueSpecification","valueRequired":true,"valueName":"search_term_string"}}],"inLanguage":"ca"},{"@type":"Organization","@id":"https:\/\/solucionesdeimpresion.meinsa.es\/ca\/#organization","name":"Meinsa sistemas","url":"https:\/\/solucionesdeimpresion.meinsa.es\/ca\/","logo":{"@type":"ImageObject","inLanguage":"ca","@id":"https:\/\/solucionesdeimpresion.meinsa.es\/ca\/#\/schema\/logo\/image\/","url":"https:\/\/solucionesdeimpresion.meinsa.es\/wp-content\/uploads\/2024\/02\/Isotip_meinsa_72dpiPNG-hori-REC.png","contentUrl":"https:\/\/solucionesdeimpresion.meinsa.es\/wp-content\/uploads\/2024\/02\/Isotip_meinsa_72dpiPNG-hori-REC.png","width":971,"height":438,"caption":"Meinsa sistemas"},"image":{"@id":"https:\/\/solucionesdeimpresion.meinsa.es\/ca\/#\/schema\/logo\/image\/"},"sameAs":["https:\/\/www.linkedin.com\/company\/meinsa-sistemas-s-l\/"]}]}},"_links":{"self":[{"href":"https:\/\/solucionesdeimpresion.meinsa.es\/ca\/wp-json\/wp\/v2\/pages\/2328","targetHints":{"allow":["GET"]}}],"collection":[{"href":"https:\/\/solucionesdeimpresion.meinsa.es\/ca\/wp-json\/wp\/v2\/pages"}],"about":[{"href":"https:\/\/solucionesdeimpresion.meinsa.es\/ca\/wp-json\/wp\/v2\/types\/page"}],"author":[{"embeddable":true,"href":"https:\/\/solucionesdeimpresion.meinsa.es\/ca\/wp-json\/wp\/v2\/users\/1"}],"replies":[{"embeddable":true,"href":"https:\/\/solucionesdeimpresion.meinsa.es\/ca\/wp-json\/wp\/v2\/comments?post=2328"}],"version-history":[{"count":6,"href":"https:\/\/solucionesdeimpresion.meinsa.es\/ca\/wp-json\/wp\/v2\/pages\/2328\/revisions"}],"predecessor-version":[{"id":2556,"href":"https:\/\/solucionesdeimpresion.meinsa.es\/ca\/wp-json\/wp\/v2\/pages\/2328\/revisions\/2556"}],"wp:attachment":[{"href":"https:\/\/solucionesdeimpresion.meinsa.es\/ca\/wp-json\/wp\/v2\/media?parent=2328"}],"curies":[{"name":"wp","href":"https:\/\/api.w.org\/{rel}","templated":true}]}}