{"id":2330,"date":"2024-02-06T21:02:00","date_gmt":"2024-02-06T21:02:00","guid":{"rendered":"https:\/\/solucionesdeimpresion.meinsa.es\/home\/"},"modified":"2024-04-03T09:01:26","modified_gmt":"2024-04-03T09:01:26","slug":"home","status":"publish","type":"page","link":"https:\/\/solucionesdeimpresion.meinsa.es\/ca\/","title":{"rendered":"Home"},"content":{"rendered":"\t\t<div data-elementor-type=\"wp-page\" data-elementor-id=\"2330\" class=\"elementor elementor-2330 elementor-9\" data-elementor-post-type=\"page\">\n\t\t\t\t<div class=\"elementor-element elementor-element-c92d2b1 e-flex e-con-boxed e-con e-parent\" data-id=\"c92d2b1\" data-element_type=\"container\" data-settings=\"{&quot;background_background&quot;:&quot;classic&quot;}\" data-core-v316-plus=\"true\">\n\t\t\t\t\t<div class=\"e-con-inner\">\n\t\t<div class=\"elementor-element elementor-element-16feb17 e-con-full e-flex e-con e-child\" data-id=\"16feb17\" data-element_type=\"container\" data-settings=\"{&quot;background_background&quot;:&quot;classic&quot;}\">\n\t\t\t\t<div class=\"elementor-element elementor-element-4a9a2cc elementor-widget elementor-widget-heading\" data-id=\"4a9a2cc\" data-element_type=\"widget\" data-widget_type=\"heading.default\">\n\t\t\t\t<div class=\"elementor-widget-container\">\n\t\t\t<h1 class=\"elementor-heading-title elementor-size-default\">Solucions avan\u00e7ades d'impressi\u00f3 per a la teva empresa<\/h1>\t\t<\/div>\n\t\t\t\t<\/div>\n\t\t\t\t<\/div>\n\t\t<div class=\"elementor-element elementor-element-be2722c e-con-full elementor-hidden-mobile e-flex e-con e-child\" data-id=\"be2722c\" data-element_type=\"container\">\n\t\t\t\t<div class=\"elementor-element elementor-element-a0218cf elementor-widget elementor-widget-image\" data-id=\"a0218cf\" data-element_type=\"widget\" data-widget_type=\"image.default\">\n\t\t\t\t<div class=\"elementor-widget-container\">\n\t\t\t\t\t\t\t\t\t\t\t\t\t\t<a href=\"https:\/\/solucionesdeimpresion.meinsa.es\/ca\/empresa\/\">\n\t\t\t\t\t\t\t<img decoding=\"async\" width=\"188\" height=\"132\" src=\"https:\/\/solucionesdeimpresion.meinsa.es\/wp-content\/uploads\/2024\/02\/Group-5.png\" class=\"attachment-large size-large wp-image-768\" alt=\"\" \/>\t\t\t\t\t\t\t\t<\/a>\n\t\t\t\t\t\t\t\t\t\t\t\t\t<\/div>\n\t\t\t\t<\/div>\n\t\t\t\t<\/div>\n\t\t\t\t\t<\/div>\n\t\t\t\t<\/div>\n\t\t<div class=\"elementor-element elementor-element-2d0b414 e-flex e-con-boxed e-con e-parent\" data-id=\"2d0b414\" data-element_type=\"container\" data-core-v316-plus=\"true\">\n\t\t\t\t\t<div class=\"e-con-inner\">\n\t\t\t\t<div class=\"elementor-element elementor-element-db0d033 elementor-widget elementor-widget-text-editor\" data-id=\"db0d033\" data-element_type=\"widget\" data-widget_type=\"text-editor.default\">\n\t\t\t\t<div class=\"elementor-widget-container\">\n\t\t\t\t\t\t\t<p>Sumem forces per a brindar-te solucions avan\u00e7ades d&#8217;impressi\u00f3 i<\/p>\n<p>apostem per tecnologies que garanteixin <strong>m\u00e0xima efici\u00e8ncia, estalvi<\/strong><\/p>\n<p><strong> energ\u00e8tic, flexibilitat, seguretat i sostenibilitat<\/strong><\/p>\n\t\t\t\t\t\t<\/div>\n\t\t\t\t<\/div>\n\t\t\t\t<div class=\"elementor-element elementor-element-1805389 elementor-widget-divider--view-line elementor-widget elementor-widget-divider\" data-id=\"1805389\" data-element_type=\"widget\" data-widget_type=\"divider.default\">\n\t\t\t\t<div class=\"elementor-widget-container\">\n\t\t\t\t\t<div class=\"elementor-divider\">\n\t\t\t<span class=\"elementor-divider-separator\">\n\t\t\t\t\t\t<\/span>\n\t\t<\/div>\n\t\t\t\t<\/div>\n\t\t\t\t<\/div>\n\t\t\t\t<div class=\"elementor-element elementor-element-ac114ba elementor-widget elementor-widget-heading\" data-id=\"ac114ba\" data-element_type=\"widget\" data-widget_type=\"heading.default\">\n\t\t\t\t<div class=\"elementor-widget-container\">\n\t\t\t<h2 class=\"elementor-heading-title elementor-size-default\">Meinsa Sistemas as a Service<\/h2>\t\t<\/div>\n\t\t\t\t<\/div>\n\t\t\t\t\t<\/div>\n\t\t\t\t<\/div>\n\t\t<div class=\"elementor-element elementor-element-7672cd5 e-flex e-con-boxed e-con e-parent\" data-id=\"7672cd5\" data-element_type=\"container\" data-core-v316-plus=\"true\">\n\t\t\t\t\t<div class=\"e-con-inner\">\n\t\t<div class=\"elementor-element elementor-element-3a264ae e-con-full e-flex e-con e-child\" data-id=\"3a264ae\" data-element_type=\"container\">\n\t\t\t\t<div class=\"elementor-element elementor-element-4bd66fa elementor-widget elementor-widget-text-editor\" data-id=\"4bd66fa\" data-element_type=\"widget\" data-widget_type=\"text-editor.default\">\n\t\t\t\t<div class=\"elementor-widget-container\">\n\t\t\t\t\t\t\t<p>Nosaltres li diem <strong>MaaS<\/strong> <br \/>(Meinsa Sistemas as a Service):<\/p>\n<p>-MaaS avan\u00e7ats<br \/>-MaaS experts<br \/>-MaaS \u00e0gils<br \/>-MaaS accessibles<br \/>-MaaS sostenibles<\/p>\n\t\t\t\t\t\t<\/div>\n\t\t\t\t<\/div>\n\t\t\t\t<\/div>\n\t\t<div class=\"elementor-element elementor-element-ee206d4 e-con-full e-flex e-con e-child\" data-id=\"ee206d4\" data-element_type=\"container\">\n\t\t\t\t<div class=\"elementor-element elementor-element-b07862f elementor-widget elementor-widget-image\" data-id=\"b07862f\" data-element_type=\"widget\" data-widget_type=\"image.default\">\n\t\t\t\t<div class=\"elementor-widget-container\">\n\t\t\t\t\t\t\t\t\t\t\t\t\t<img fetchpriority=\"high\" decoding=\"async\" width=\"459\" height=\"524\" src=\"https:\/\/solucionesdeimpresion.meinsa.es\/wp-content\/uploads\/2024\/03\/Ilustracion-Home.png\" class=\"attachment-large size-large wp-image-2233\" alt=\"\" srcset=\"https:\/\/solucionesdeimpresion.meinsa.es\/wp-content\/uploads\/2024\/03\/Ilustracion-Home.png 459w, https:\/\/solucionesdeimpresion.meinsa.es\/wp-content\/uploads\/2024\/03\/Ilustracion-Home-263x300.png 263w\" sizes=\"(max-width: 459px) 100vw, 459px\" \/>\t\t\t\t\t\t\t\t\t\t\t\t\t<\/div>\n\t\t\t\t<\/div>\n\t\t\t\t<\/div>\n\t\t\t\t\t<\/div>\n\t\t\t\t<\/div>\n\t\t<div class=\"elementor-element elementor-element-bd9ee3b e-flex e-con-boxed e-con e-parent\" data-id=\"bd9ee3b\" data-element_type=\"container\" data-settings=\"{&quot;background_background&quot;:&quot;classic&quot;}\" data-core-v316-plus=\"true\">\n\t\t\t\t\t<div class=\"e-con-inner\">\n\t\t<div class=\"elementor-element elementor-element-fcbedea e-con-full e-flex e-con e-child\" data-id=\"fcbedea\" data-element_type=\"container\">\n\t\t\t\t<div class=\"elementor-element elementor-element-8378f47 elementor-widget elementor-widget-text-editor\" data-id=\"8378f47\" data-element_type=\"widget\" data-widget_type=\"text-editor.default\">\n\t\t\t\t<div class=\"elementor-widget-container\">\n\t\t\t\t\t\t\t<p><strong>Per qu\u00e8 triar-nos com el teu prove\u00efdor de serveis<\/strong><br \/><strong>d&#8217;impressi\u00f3? M\u00e9s de 5.000 clients ja han<\/strong><br \/><strong>confiat en nosaltres.<\/strong><\/p>\n<p>-Serveis gestionats d&#8217;impressi\u00f3 (MPS)<br \/>-R\u00e8nting, lloguer i venda d&#8217;equips d&#8217;impressi\u00f3<br \/>-Distribu\u00efdors <strong>d&#8217;HP<\/strong> i <strong>Epson<\/strong>, dos referents<br \/>mundials<br \/>-Impressores eficients que consumeixen menys<br \/>-Solucions de seguretat per als teus dispositius<br \/>-Equips senzills, multifunci\u00f3 i de gran format<br \/>-Comprom\u00eds amb un planeta m\u00e9s sostenible<\/p>\n\t\t\t\t\t\t<\/div>\n\t\t\t\t<\/div>\n\t\t\t\t<\/div>\n\t\t<div class=\"elementor-element elementor-element-327f4ee e-con-full e-flex e-con e-child\" data-id=\"327f4ee\" data-element_type=\"container\">\n\t\t\t\t<div class=\"elementor-element elementor-element-f76fb36 elementor-align-center elementor-widget elementor-widget-button\" data-id=\"f76fb36\" data-element_type=\"widget\" data-widget_type=\"button.default\">\n\t\t\t\t<div class=\"elementor-widget-container\">\n\t\t\t\t\t<div class=\"elementor-button-wrapper\">\n\t\t\t<a class=\"elementor-button elementor-button-link elementor-size-sm\" href=\"https:\/\/solucionesdeimpresion.meinsa.es\/ca\/contacte\/\">\n\t\t\t\t\t\t<span class=\"elementor-button-content-wrapper\">\n\t\t\t\t\t\t<span class=\"elementor-button-text\">CONTACTA<\/span>\n\t\t<\/span>\n\t\t\t\t\t<\/a>\n\t\t<\/div>\n\t\t\t\t<\/div>\n\t\t\t\t<\/div>\n\t\t\t\t<\/div>\n\t\t\t\t\t<\/div>\n\t\t\t\t<\/div>\n\t\t<div class=\"elementor-element elementor-element-4b7aa71 e-flex e-con-boxed e-con e-parent\" data-id=\"4b7aa71\" data-element_type=\"container\" data-settings=\"{&quot;background_background&quot;:&quot;classic&quot;}\" data-core-v316-plus=\"true\">\n\t\t\t\t\t<div class=\"e-con-inner\">\n\t\t\t\t<div class=\"elementor-element elementor-element-11dc6fa elementor-widget elementor-widget-text-editor\" data-id=\"11dc6fa\" data-element_type=\"widget\" data-widget_type=\"text-editor.default\">\n\t\t\t\t<div class=\"elementor-widget-container\">\n\t\t\t\t\t\t\t<p>Som aqu\u00ed amb el ferm prop\u00f2sit<br \/>de causar-te <span style=\"text-decoration: underline;\">la millor impressi\u00f3<\/span><\/p>\n\t\t\t\t\t\t<\/div>\n\t\t\t\t<\/div>\n\t\t\t\t\t<\/div>\n\t\t\t\t<\/div>\n\t\t\t\t<\/div>\n\t\t","protected":false},"excerpt":{"rendered":"<p>Solucions avan\u00e7ades d&#8217;impressi\u00f3 per a la teva empresa Sumem forces per a brindar-te solucions avan\u00e7ades d&#8217;impressi\u00f3 i apostem per tecnologies que garanteixin m\u00e0xima efici\u00e8ncia, estalvi energ\u00e8tic, flexibilitat, seguretat i sostenibilitat Meinsa Sistemas as a Service Nosaltres li diem MaaS (Meinsa Sistemas as a Service): -MaaS avan\u00e7ats-MaaS experts-MaaS \u00e0gils-MaaS accessibles-MaaS sostenibles Per qu\u00e8 triar-nos com el [&hellip;]<\/p>\n","protected":false},"author":1,"featured_media":0,"parent":0,"menu_order":0,"comment_status":"closed","ping_status":"closed","template":"elementor_header_footer","meta":{"footnotes":""},"class_list":["post-2330","page","type-page","status-publish","hentry"],"yoast_head":"<!-- This site is optimized with the Yoast SEO plugin v23.4 - https:\/\/yoast.com\/wordpress\/plugins\/seo\/ -->\n<title>Solucions avan\u00e7ades de impressi\u00f3 per a empreses | Meinsa Sistemes<\/title>\n<meta name=\"description\" content=\"Solucions d&#039;impressi\u00f3 sostenibles per a empreses. Efici\u00e8ncia i tecnologia verda. Contacta&#039;ns avui!\" \/>\n<meta name=\"robots\" content=\"index, follow, max-snippet:-1, max-image-preview:large, max-video-preview:-1\" \/>\n<link rel=\"canonical\" href=\"https:\/\/solucionesdeimpresion.meinsa.es\/ca\/\" \/>\n<meta property=\"og:locale\" content=\"ca_ES\" \/>\n<meta property=\"og:type\" content=\"article\" \/>\n<meta property=\"og:title\" content=\"Solucions avan\u00e7ades de impressi\u00f3 per a empreses | Meinsa Sistemes\" \/>\n<meta property=\"og:description\" content=\"Solucions d&#039;impressi\u00f3 sostenibles per a empreses. Efici\u00e8ncia i tecnologia verda. Contacta&#039;ns avui!\" \/>\n<meta property=\"og:url\" content=\"https:\/\/solucionesdeimpresion.meinsa.es\/ca\/\" \/>\n<meta property=\"og:site_name\" content=\"Solucions d&#039;impressi\u00f3 Meinsa\" \/>\n<meta property=\"article:modified_time\" content=\"2024-04-03T09:01:26+00:00\" \/>\n<meta property=\"og:image\" content=\"https:\/\/solucionesdeimpresion.meinsa.es\/wp-content\/uploads\/2024\/02\/Group-5.png\" \/>\n<meta name=\"twitter:card\" content=\"summary_large_image\" \/>\n<meta name=\"twitter:label1\" content=\"Temps estimat de lectura\" \/>\n\t<meta name=\"twitter:data1\" content=\"2 minuts\" \/>\n<script type=\"application\/ld+json\" class=\"yoast-schema-graph\">{\"@context\":\"https:\/\/schema.org\",\"@graph\":[{\"@type\":\"WebPage\",\"@id\":\"https:\/\/solucionesdeimpresion.meinsa.es\/ca\/\",\"url\":\"https:\/\/solucionesdeimpresion.meinsa.es\/ca\/\",\"name\":\"Solucions avan\u00e7ades de impressi\u00f3 per a empreses | Meinsa Sistemes\",\"isPartOf\":{\"@id\":\"https:\/\/solucionesdeimpresion.meinsa.es\/ca\/#website\"},\"primaryImageOfPage\":{\"@id\":\"https:\/\/solucionesdeimpresion.meinsa.es\/ca\/#primaryimage\"},\"image\":{\"@id\":\"https:\/\/solucionesdeimpresion.meinsa.es\/ca\/#primaryimage\"},\"thumbnailUrl\":\"https:\/\/solucionesdeimpresion.meinsa.es\/wp-content\/uploads\/2024\/02\/Group-5.png\",\"datePublished\":\"2024-02-06T21:02:00+00:00\",\"dateModified\":\"2024-04-03T09:01:26+00:00\",\"description\":\"Solucions d'impressi\u00f3 sostenibles per a empreses. Efici\u00e8ncia i tecnologia verda. Contacta'ns avui!\",\"breadcrumb\":{\"@id\":\"https:\/\/solucionesdeimpresion.meinsa.es\/ca\/#breadcrumb\"},\"inLanguage\":\"ca\",\"potentialAction\":[{\"@type\":\"ReadAction\",\"target\":[\"https:\/\/solucionesdeimpresion.meinsa.es\/ca\/\"]}]},{\"@type\":\"ImageObject\",\"inLanguage\":\"ca\",\"@id\":\"https:\/\/solucionesdeimpresion.meinsa.es\/ca\/#primaryimage\",\"url\":\"https:\/\/solucionesdeimpresion.meinsa.es\/wp-content\/uploads\/2024\/02\/Group-5.png\",\"contentUrl\":\"https:\/\/solucionesdeimpresion.meinsa.es\/wp-content\/uploads\/2024\/02\/Group-5.png\"},{\"@type\":\"BreadcrumbList\",\"@id\":\"https:\/\/solucionesdeimpresion.meinsa.es\/ca\/#breadcrumb\",\"itemListElement\":[{\"@type\":\"ListItem\",\"position\":1,\"name\":\"Soluciones\",\"item\":\"https:\/\/solucionesdeimpresion.meinsa.es\/ca\/\"},{\"@type\":\"ListItem\",\"position\":2,\"name\":\"Home\"}]},{\"@type\":\"WebSite\",\"@id\":\"https:\/\/solucionesdeimpresion.meinsa.es\/ca\/#website\",\"url\":\"https:\/\/solucionesdeimpresion.meinsa.es\/ca\/\",\"name\":\"Soluciones de Impresi\u00f3n | Meinsa sistemas\",\"description\":\"\",\"publisher\":{\"@id\":\"https:\/\/solucionesdeimpresion.meinsa.es\/ca\/#organization\"},\"potentialAction\":[{\"@type\":\"SearchAction\",\"target\":{\"@type\":\"EntryPoint\",\"urlTemplate\":\"https:\/\/solucionesdeimpresion.meinsa.es\/ca\/?s={search_term_string}\"},\"query-input\":{\"@type\":\"PropertyValueSpecification\",\"valueRequired\":true,\"valueName\":\"search_term_string\"}}],\"inLanguage\":\"ca\"},{\"@type\":\"Organization\",\"@id\":\"https:\/\/solucionesdeimpresion.meinsa.es\/ca\/#organization\",\"name\":\"Meinsa sistemas\",\"url\":\"https:\/\/solucionesdeimpresion.meinsa.es\/ca\/\",\"logo\":{\"@type\":\"ImageObject\",\"inLanguage\":\"ca\",\"@id\":\"https:\/\/solucionesdeimpresion.meinsa.es\/ca\/#\/schema\/logo\/image\/\",\"url\":\"https:\/\/solucionesdeimpresion.meinsa.es\/wp-content\/uploads\/2024\/02\/Isotip_meinsa_72dpiPNG-hori-REC.png\",\"contentUrl\":\"https:\/\/solucionesdeimpresion.meinsa.es\/wp-content\/uploads\/2024\/02\/Isotip_meinsa_72dpiPNG-hori-REC.png\",\"width\":971,\"height\":438,\"caption\":\"Meinsa sistemas\"},\"image\":{\"@id\":\"https:\/\/solucionesdeimpresion.meinsa.es\/ca\/#\/schema\/logo\/image\/\"},\"sameAs\":[\"https:\/\/www.linkedin.com\/company\/meinsa-sistemas-s-l\/\"]}]}<\/script>\n<!-- \/ Yoast SEO plugin. -->","yoast_head_json":{"title":"Solucions avan\u00e7ades de impressi\u00f3 per a empreses | Meinsa Sistemes","description":"Solucions d'impressi\u00f3 sostenibles per a empreses. Efici\u00e8ncia i tecnologia verda. Contacta'ns avui!","robots":{"index":"index","follow":"follow","max-snippet":"max-snippet:-1","max-image-preview":"max-image-preview:large","max-video-preview":"max-video-preview:-1"},"canonical":"https:\/\/solucionesdeimpresion.meinsa.es\/ca\/","og_locale":"ca_ES","og_type":"article","og_title":"Solucions avan\u00e7ades de impressi\u00f3 per a empreses | Meinsa Sistemes","og_description":"Solucions d'impressi\u00f3 sostenibles per a empreses. Efici\u00e8ncia i tecnologia verda. Contacta'ns avui!","og_url":"https:\/\/solucionesdeimpresion.meinsa.es\/ca\/","og_site_name":"Solucions d'impressi\u00f3 Meinsa","article_modified_time":"2024-04-03T09:01:26+00:00","og_image":[{"url":"https:\/\/solucionesdeimpresion.meinsa.es\/wp-content\/uploads\/2024\/02\/Group-5.png"}],"twitter_card":"summary_large_image","twitter_misc":{"Temps estimat de lectura":"2 minuts"},"schema":{"@context":"https:\/\/schema.org","@graph":[{"@type":"WebPage","@id":"https:\/\/solucionesdeimpresion.meinsa.es\/ca\/","url":"https:\/\/solucionesdeimpresion.meinsa.es\/ca\/","name":"Solucions avan\u00e7ades de impressi\u00f3 per a empreses | Meinsa Sistemes","isPartOf":{"@id":"https:\/\/solucionesdeimpresion.meinsa.es\/ca\/#website"},"primaryImageOfPage":{"@id":"https:\/\/solucionesdeimpresion.meinsa.es\/ca\/#primaryimage"},"image":{"@id":"https:\/\/solucionesdeimpresion.meinsa.es\/ca\/#primaryimage"},"thumbnailUrl":"https:\/\/solucionesdeimpresion.meinsa.es\/wp-content\/uploads\/2024\/02\/Group-5.png","datePublished":"2024-02-06T21:02:00+00:00","dateModified":"2024-04-03T09:01:26+00:00","description":"Solucions d'impressi\u00f3 sostenibles per a empreses. Efici\u00e8ncia i tecnologia verda. Contacta'ns avui!","breadcrumb":{"@id":"https:\/\/solucionesdeimpresion.meinsa.es\/ca\/#breadcrumb"},"inLanguage":"ca","potentialAction":[{"@type":"ReadAction","target":["https:\/\/solucionesdeimpresion.meinsa.es\/ca\/"]}]},{"@type":"ImageObject","inLanguage":"ca","@id":"https:\/\/solucionesdeimpresion.meinsa.es\/ca\/#primaryimage","url":"https:\/\/solucionesdeimpresion.meinsa.es\/wp-content\/uploads\/2024\/02\/Group-5.png","contentUrl":"https:\/\/solucionesdeimpresion.meinsa.es\/wp-content\/uploads\/2024\/02\/Group-5.png"},{"@type":"BreadcrumbList","@id":"https:\/\/solucionesdeimpresion.meinsa.es\/ca\/#breadcrumb","itemListElement":[{"@type":"ListItem","position":1,"name":"Soluciones","item":"https:\/\/solucionesdeimpresion.meinsa.es\/ca\/"},{"@type":"ListItem","position":2,"name":"Home"}]},{"@type":"WebSite","@id":"https:\/\/solucionesdeimpresion.meinsa.es\/ca\/#website","url":"https:\/\/solucionesdeimpresion.meinsa.es\/ca\/","name":"Soluciones de Impresi\u00f3n | Meinsa sistemas","description":"","publisher":{"@id":"https:\/\/solucionesdeimpresion.meinsa.es\/ca\/#organization"},"potentialAction":[{"@type":"SearchAction","target":{"@type":"EntryPoint","urlTemplate":"https:\/\/solucionesdeimpresion.meinsa.es\/ca\/?s={search_term_string}"},"query-input":{"@type":"PropertyValueSpecification","valueRequired":true,"valueName":"search_term_string"}}],"inLanguage":"ca"},{"@type":"Organization","@id":"https:\/\/solucionesdeimpresion.meinsa.es\/ca\/#organization","name":"Meinsa sistemas","url":"https:\/\/solucionesdeimpresion.meinsa.es\/ca\/","logo":{"@type":"ImageObject","inLanguage":"ca","@id":"https:\/\/solucionesdeimpresion.meinsa.es\/ca\/#\/schema\/logo\/image\/","url":"https:\/\/solucionesdeimpresion.meinsa.es\/wp-content\/uploads\/2024\/02\/Isotip_meinsa_72dpiPNG-hori-REC.png","contentUrl":"https:\/\/solucionesdeimpresion.meinsa.es\/wp-content\/uploads\/2024\/02\/Isotip_meinsa_72dpiPNG-hori-REC.png","width":971,"height":438,"caption":"Meinsa sistemas"},"image":{"@id":"https:\/\/solucionesdeimpresion.meinsa.es\/ca\/#\/schema\/logo\/image\/"},"sameAs":["https:\/\/www.linkedin.com\/company\/meinsa-sistemas-s-l\/"]}]}},"_links":{"self":[{"href":"https:\/\/solucionesdeimpresion.meinsa.es\/ca\/wp-json\/wp\/v2\/pages\/2330","targetHints":{"allow":["GET"]}}],"collection":[{"href":"https:\/\/solucionesdeimpresion.meinsa.es\/ca\/wp-json\/wp\/v2\/pages"}],"about":[{"href":"https:\/\/solucionesdeimpresion.meinsa.es\/ca\/wp-json\/wp\/v2\/types\/page"}],"author":[{"embeddable":true,"href":"https:\/\/solucionesdeimpresion.meinsa.es\/ca\/wp-json\/wp\/v2\/users\/1"}],"replies":[{"embeddable":true,"href":"https:\/\/solucionesdeimpresion.meinsa.es\/ca\/wp-json\/wp\/v2\/comments?post=2330"}],"version-history":[{"count":12,"href":"https:\/\/solucionesdeimpresion.meinsa.es\/ca\/wp-json\/wp\/v2\/pages\/2330\/revisions"}],"predecessor-version":[{"id":2539,"href":"https:\/\/solucionesdeimpresion.meinsa.es\/ca\/wp-json\/wp\/v2\/pages\/2330\/revisions\/2539"}],"wp:attachment":[{"href":"https:\/\/solucionesdeimpresion.meinsa.es\/ca\/wp-json\/wp\/v2\/media?parent=2330"}],"curies":[{"name":"wp","href":"https:\/\/api.w.org\/{rel}","templated":true}]}}