{"id":2337,"date":"2024-02-10T23:29:23","date_gmt":"2024-02-10T23:29:23","guid":{"rendered":"https:\/\/solucionesdeimpresion.meinsa.es\/mapa-web\/"},"modified":"2024-03-14T08:52:31","modified_gmt":"2024-03-14T08:52:31","slug":"mapa-web","status":"publish","type":"page","link":"https:\/\/solucionesdeimpresion.meinsa.es\/ca\/mapa-web\/","title":{"rendered":"Mapa web"},"content":{"rendered":"\t\t<div data-elementor-type=\"wp-page\" data-elementor-id=\"2337\" class=\"elementor elementor-2337 elementor-251\" data-elementor-post-type=\"page\">\n\t\t\t\t<div class=\"elementor-element elementor-element-1b7e953 e-flex e-con-boxed e-con e-parent\" data-id=\"1b7e953\" data-element_type=\"container\" data-core-v316-plus=\"true\">\n\t\t\t\t\t<div class=\"e-con-inner\">\n\t\t\t\t<div class=\"elementor-element elementor-element-fd0ffb9 elementor-widget elementor-widget-heading\" data-id=\"fd0ffb9\" data-element_type=\"widget\" data-widget_type=\"heading.default\">\n\t\t\t\t<div class=\"elementor-widget-container\">\n\t\t\t<h1 class=\"elementor-heading-title elementor-size-default\">Mapa web<\/h1>\t\t<\/div>\n\t\t\t\t<\/div>\n\t\t\t\t\t<\/div>\n\t\t\t\t<\/div>\n\t\t<div class=\"elementor-element elementor-element-3523701 e-flex e-con-boxed e-con e-parent\" data-id=\"3523701\" data-element_type=\"container\" data-core-v316-plus=\"true\">\n\t\t\t\t\t<div class=\"e-con-inner\">\n\t\t<div class=\"elementor-element elementor-element-484bab2 e-con-full e-flex e-con e-child\" data-id=\"484bab2\" data-element_type=\"container\">\n\t\t\t\t<div class=\"elementor-element elementor-element-27b0d17 elementor-widget elementor-widget-text-editor\" data-id=\"27b0d17\" data-element_type=\"widget\" data-widget_type=\"text-editor.default\">\n\t\t\t\t<div class=\"elementor-widget-container\">\n\t\t\t\t\t\t\t<p><span style=\"color: #333333;\"><a style=\"color: #333333;\" href=\"https:\/\/solucionesdeimpresion.meinsa.es\/ca\/\">Home<\/a><\/span><\/p>\n<p><span style=\"color: #333333;\"><a style=\"color: #333333;\" href=\"https:\/\/solucionesdeimpresion.meinsa.es\/ca\/empresa\/\">Empresa<\/a><\/span><\/p>\n<p><span style=\"color: #333333;\">Serveis<\/span><\/p>\n<p><span style=\"color: #333333;\">  <a style=\"color: #333333;\" href=\"https:\/\/solucionesdeimpresion.meinsa.es\/servicios-gestionados-de-impresion-mps\/\">Serveis gestionats d&#8217;impressi\u00f3 (MPS)<\/a><\/span><\/p>\n<p><span style=\"color: #333333;\">  <a style=\"color: #333333;\" href=\"https:\/\/solucionesdeimpresion.meinsa.es\/ca\/auditoria-consultoria-i-analisi-dimpressio\/\">Auditoria consultoria i an\u00e0lisi d&#8217;impressi\u00f3<\/a><\/span><\/p>\n<p><span style=\"color: #333333;\">  <a style=\"color: #333333;\" href=\"https:\/\/solucionesdeimpresion.meinsa.es\/ca\/impressio-i-gestio-sostenible\/\">Impressi\u00f3 i gesti\u00f3 sostenible<\/a><\/span><\/p>\n<p><span style=\"color: #333333;\">  <a style=\"color: #333333;\" href=\"https:\/\/solucionesdeimpresion.meinsa.es\/renting-alquiler-y-venta-de-equipos-de-impresion\/\">R\u00e8nting lloguer i venda d&#8217;equips d&#8217;impressi\u00f3<\/a><\/span><\/p>\n<p><span style=\"color: #333333;\">  <a style=\"color: #333333;\" href=\"https:\/\/solucionesdeimpresion.meinsa.es\/soluciones-de-seguridad-de-impresion\/\">Solucions de seguretat d&#8217;impressi\u00f3<\/a><\/span><\/p>\n<p><span style=\"color: #333333;\">Casos d&#8217;\u00e8xit<\/span><\/p>\n<p><span style=\"color: #333333;\"><a style=\"color: #333333;\" href=\"https:\/\/solucionesdeimpresion.meinsa.es\/ca\/contacte\/\">Contacte<\/a><\/span><\/p>\n\t\t\t\t\t\t<\/div>\n\t\t\t\t<\/div>\n\t\t\t\t<\/div>\n\t\t<div class=\"elementor-element elementor-element-03f000f e-con-full e-flex e-con e-child\" data-id=\"03f000f\" data-element_type=\"container\">\n\t\t\t\t<div class=\"elementor-element elementor-element-785d6d2 elementor-widget elementor-widget-text-editor\" data-id=\"785d6d2\" data-element_type=\"widget\" data-widget_type=\"text-editor.default\">\n\t\t\t\t<div class=\"elementor-widget-container\">\n\t\t\t\t\t\t\t<p><span style=\"color: #333333;\"><a style=\"color: #333333;\" href=\"https:\/\/solucionesdeimpresion.meinsa.es\/aviso-legal\/\">Av\u00eds legal<\/a><\/span><\/p>\n<p><span style=\"color: #333333;\"><a style=\"color: #333333;\" href=\"https:\/\/solucionesdeimpresion.meinsa.es\/politica-de-privacidad\/\">Pol\u00edtica de privacitat<\/a><\/span><\/p>\n<p><span style=\"color: #333333;\"><a style=\"color: #333333;\" href=\"https:\/\/solucionesdeimpresion.meinsa.es\/politica-de-cookies\/\">Pol\u00edtica de cookies<\/a><\/span><\/p>\n<p><span style=\"color: #333333;\"><a style=\"color: #333333;\" href=\"https:\/\/solucionesdeimpresion.meinsa.es\/ca\/mapa-web\/\">Mapa web<\/a><\/span><\/p>\n<p><span style=\"color: #333333;\"><a style=\"color: #333333;\" href=\"https:\/\/solucionesdeimpresion.meinsa.es\/declaracion-de-accesibilidad\/\">Declaraci\u00f3 d&#8217;accessibilitat<\/a><\/span><\/p>\n\t\t\t\t\t\t<\/div>\n\t\t\t\t<\/div>\n\t\t\t\t<\/div>\n\t\t\t\t\t<\/div>\n\t\t\t\t<\/div>\n\t\t\t\t<\/div>\n\t\t","protected":false},"excerpt":{"rendered":"<p>Mapa web Home Empresa Serveis Serveis gestionats d&#8217;impressi\u00f3 (MPS) Auditoria consultoria i an\u00e0lisi d&#8217;impressi\u00f3 Impressi\u00f3 i gesti\u00f3 sostenible R\u00e8nting lloguer i venda d&#8217;equips d&#8217;impressi\u00f3 Solucions de seguretat d&#8217;impressi\u00f3 Casos d&#8217;\u00e8xit Contacte Av\u00eds legal Pol\u00edtica de privacitat Pol\u00edtica de cookies Mapa web Declaraci\u00f3 d&#8217;accessibilitat<\/p>\n","protected":false},"author":1,"featured_media":0,"parent":0,"menu_order":0,"comment_status":"closed","ping_status":"closed","template":"elementor_header_footer","meta":{"footnotes":""},"class_list":["post-2337","page","type-page","status-publish","hentry"],"yoast_head":"<!-- This site is optimized with the Yoast SEO plugin v23.4 - https:\/\/yoast.com\/wordpress\/plugins\/seo\/ -->\n<title>Mapa del Lloc: Troba el que Necessites - Meinsa Sistemes<\/title>\n<meta name=\"description\" content=\"Mapa del Lloc: Navega F\u00e0cilment pel nostre Contingut. Troba el que cerques de manera r\u00e0pida i senzilla.\" \/>\n<meta name=\"robots\" content=\"index, follow, max-snippet:-1, max-image-preview:large, max-video-preview:-1\" \/>\n<link rel=\"canonical\" href=\"https:\/\/solucionesdeimpresion.meinsa.es\/ca\/mapa-web\/\" \/>\n<meta property=\"og:locale\" content=\"ca_ES\" \/>\n<meta property=\"og:type\" content=\"article\" \/>\n<meta property=\"og:title\" content=\"Mapa del Lloc: Troba el que Necessites - Meinsa Sistemes\" \/>\n<meta property=\"og:description\" content=\"Mapa del Lloc: Navega F\u00e0cilment pel nostre Contingut. Troba el que cerques de manera r\u00e0pida i senzilla.\" \/>\n<meta property=\"og:url\" content=\"https:\/\/solucionesdeimpresion.meinsa.es\/ca\/mapa-web\/\" \/>\n<meta property=\"og:site_name\" content=\"Solucions d&#039;impressi\u00f3 Meinsa\" \/>\n<meta property=\"article:modified_time\" content=\"2024-03-14T08:52:31+00:00\" \/>\n<meta name=\"twitter:card\" content=\"summary_large_image\" \/>\n<script type=\"application\/ld+json\" class=\"yoast-schema-graph\">{\"@context\":\"https:\/\/schema.org\",\"@graph\":[{\"@type\":\"WebPage\",\"@id\":\"https:\/\/solucionesdeimpresion.meinsa.es\/ca\/mapa-web\/\",\"url\":\"https:\/\/solucionesdeimpresion.meinsa.es\/ca\/mapa-web\/\",\"name\":\"Mapa del Lloc: Troba el que Necessites - Meinsa Sistemes\",\"isPartOf\":{\"@id\":\"https:\/\/solucionesdeimpresion.meinsa.es\/ca\/#website\"},\"datePublished\":\"2024-02-10T23:29:23+00:00\",\"dateModified\":\"2024-03-14T08:52:31+00:00\",\"description\":\"Mapa del Lloc: Navega F\u00e0cilment pel nostre Contingut. Troba el que cerques de manera r\u00e0pida i senzilla.\",\"breadcrumb\":{\"@id\":\"https:\/\/solucionesdeimpresion.meinsa.es\/ca\/mapa-web\/#breadcrumb\"},\"inLanguage\":\"ca\",\"potentialAction\":[{\"@type\":\"ReadAction\",\"target\":[\"https:\/\/solucionesdeimpresion.meinsa.es\/ca\/mapa-web\/\"]}]},{\"@type\":\"BreadcrumbList\",\"@id\":\"https:\/\/solucionesdeimpresion.meinsa.es\/ca\/mapa-web\/#breadcrumb\",\"itemListElement\":[{\"@type\":\"ListItem\",\"position\":1,\"name\":\"Soluciones\",\"item\":\"https:\/\/solucionesdeimpresion.meinsa.es\/ca\/\"},{\"@type\":\"ListItem\",\"position\":2,\"name\":\"Mapa web\"}]},{\"@type\":\"WebSite\",\"@id\":\"https:\/\/solucionesdeimpresion.meinsa.es\/ca\/#website\",\"url\":\"https:\/\/solucionesdeimpresion.meinsa.es\/ca\/\",\"name\":\"Soluciones de Impresi\u00f3n | Meinsa sistemas\",\"description\":\"\",\"publisher\":{\"@id\":\"https:\/\/solucionesdeimpresion.meinsa.es\/ca\/#organization\"},\"potentialAction\":[{\"@type\":\"SearchAction\",\"target\":{\"@type\":\"EntryPoint\",\"urlTemplate\":\"https:\/\/solucionesdeimpresion.meinsa.es\/ca\/?s={search_term_string}\"},\"query-input\":{\"@type\":\"PropertyValueSpecification\",\"valueRequired\":true,\"valueName\":\"search_term_string\"}}],\"inLanguage\":\"ca\"},{\"@type\":\"Organization\",\"@id\":\"https:\/\/solucionesdeimpresion.meinsa.es\/ca\/#organization\",\"name\":\"Meinsa sistemas\",\"url\":\"https:\/\/solucionesdeimpresion.meinsa.es\/ca\/\",\"logo\":{\"@type\":\"ImageObject\",\"inLanguage\":\"ca\",\"@id\":\"https:\/\/solucionesdeimpresion.meinsa.es\/ca\/#\/schema\/logo\/image\/\",\"url\":\"https:\/\/solucionesdeimpresion.meinsa.es\/wp-content\/uploads\/2024\/02\/Isotip_meinsa_72dpiPNG-hori-REC.png\",\"contentUrl\":\"https:\/\/solucionesdeimpresion.meinsa.es\/wp-content\/uploads\/2024\/02\/Isotip_meinsa_72dpiPNG-hori-REC.png\",\"width\":971,\"height\":438,\"caption\":\"Meinsa sistemas\"},\"image\":{\"@id\":\"https:\/\/solucionesdeimpresion.meinsa.es\/ca\/#\/schema\/logo\/image\/\"},\"sameAs\":[\"https:\/\/www.linkedin.com\/company\/meinsa-sistemas-s-l\/\"]}]}<\/script>\n<!-- \/ Yoast SEO plugin. -->","yoast_head_json":{"title":"Mapa del Lloc: Troba el que Necessites - Meinsa Sistemes","description":"Mapa del Lloc: Navega F\u00e0cilment pel nostre Contingut. Troba el que cerques de manera r\u00e0pida i senzilla.","robots":{"index":"index","follow":"follow","max-snippet":"max-snippet:-1","max-image-preview":"max-image-preview:large","max-video-preview":"max-video-preview:-1"},"canonical":"https:\/\/solucionesdeimpresion.meinsa.es\/ca\/mapa-web\/","og_locale":"ca_ES","og_type":"article","og_title":"Mapa del Lloc: Troba el que Necessites - Meinsa Sistemes","og_description":"Mapa del Lloc: Navega F\u00e0cilment pel nostre Contingut. Troba el que cerques de manera r\u00e0pida i senzilla.","og_url":"https:\/\/solucionesdeimpresion.meinsa.es\/ca\/mapa-web\/","og_site_name":"Solucions d'impressi\u00f3 Meinsa","article_modified_time":"2024-03-14T08:52:31+00:00","twitter_card":"summary_large_image","schema":{"@context":"https:\/\/schema.org","@graph":[{"@type":"WebPage","@id":"https:\/\/solucionesdeimpresion.meinsa.es\/ca\/mapa-web\/","url":"https:\/\/solucionesdeimpresion.meinsa.es\/ca\/mapa-web\/","name":"Mapa del Lloc: Troba el que Necessites - Meinsa Sistemes","isPartOf":{"@id":"https:\/\/solucionesdeimpresion.meinsa.es\/ca\/#website"},"datePublished":"2024-02-10T23:29:23+00:00","dateModified":"2024-03-14T08:52:31+00:00","description":"Mapa del Lloc: Navega F\u00e0cilment pel nostre Contingut. Troba el que cerques de manera r\u00e0pida i senzilla.","breadcrumb":{"@id":"https:\/\/solucionesdeimpresion.meinsa.es\/ca\/mapa-web\/#breadcrumb"},"inLanguage":"ca","potentialAction":[{"@type":"ReadAction","target":["https:\/\/solucionesdeimpresion.meinsa.es\/ca\/mapa-web\/"]}]},{"@type":"BreadcrumbList","@id":"https:\/\/solucionesdeimpresion.meinsa.es\/ca\/mapa-web\/#breadcrumb","itemListElement":[{"@type":"ListItem","position":1,"name":"Soluciones","item":"https:\/\/solucionesdeimpresion.meinsa.es\/ca\/"},{"@type":"ListItem","position":2,"name":"Mapa web"}]},{"@type":"WebSite","@id":"https:\/\/solucionesdeimpresion.meinsa.es\/ca\/#website","url":"https:\/\/solucionesdeimpresion.meinsa.es\/ca\/","name":"Soluciones de Impresi\u00f3n | Meinsa sistemas","description":"","publisher":{"@id":"https:\/\/solucionesdeimpresion.meinsa.es\/ca\/#organization"},"potentialAction":[{"@type":"SearchAction","target":{"@type":"EntryPoint","urlTemplate":"https:\/\/solucionesdeimpresion.meinsa.es\/ca\/?s={search_term_string}"},"query-input":{"@type":"PropertyValueSpecification","valueRequired":true,"valueName":"search_term_string"}}],"inLanguage":"ca"},{"@type":"Organization","@id":"https:\/\/solucionesdeimpresion.meinsa.es\/ca\/#organization","name":"Meinsa sistemas","url":"https:\/\/solucionesdeimpresion.meinsa.es\/ca\/","logo":{"@type":"ImageObject","inLanguage":"ca","@id":"https:\/\/solucionesdeimpresion.meinsa.es\/ca\/#\/schema\/logo\/image\/","url":"https:\/\/solucionesdeimpresion.meinsa.es\/wp-content\/uploads\/2024\/02\/Isotip_meinsa_72dpiPNG-hori-REC.png","contentUrl":"https:\/\/solucionesdeimpresion.meinsa.es\/wp-content\/uploads\/2024\/02\/Isotip_meinsa_72dpiPNG-hori-REC.png","width":971,"height":438,"caption":"Meinsa sistemas"},"image":{"@id":"https:\/\/solucionesdeimpresion.meinsa.es\/ca\/#\/schema\/logo\/image\/"},"sameAs":["https:\/\/www.linkedin.com\/company\/meinsa-sistemas-s-l\/"]}]}},"_links":{"self":[{"href":"https:\/\/solucionesdeimpresion.meinsa.es\/ca\/wp-json\/wp\/v2\/pages\/2337","targetHints":{"allow":["GET"]}}],"collection":[{"href":"https:\/\/solucionesdeimpresion.meinsa.es\/ca\/wp-json\/wp\/v2\/pages"}],"about":[{"href":"https:\/\/solucionesdeimpresion.meinsa.es\/ca\/wp-json\/wp\/v2\/types\/page"}],"author":[{"embeddable":true,"href":"https:\/\/solucionesdeimpresion.meinsa.es\/ca\/wp-json\/wp\/v2\/users\/1"}],"replies":[{"embeddable":true,"href":"https:\/\/solucionesdeimpresion.meinsa.es\/ca\/wp-json\/wp\/v2\/comments?post=2337"}],"version-history":[{"count":1,"href":"https:\/\/solucionesdeimpresion.meinsa.es\/ca\/wp-json\/wp\/v2\/pages\/2337\/revisions"}],"predecessor-version":[{"id":2338,"href":"https:\/\/solucionesdeimpresion.meinsa.es\/ca\/wp-json\/wp\/v2\/pages\/2337\/revisions\/2338"}],"wp:attachment":[{"href":"https:\/\/solucionesdeimpresion.meinsa.es\/ca\/wp-json\/wp\/v2\/media?parent=2337"}],"curies":[{"name":"wp","href":"https:\/\/api.w.org\/{rel}","templated":true}]}}