{"id":2349,"date":"2024-02-10T23:28:14","date_gmt":"2024-02-10T23:28:14","guid":{"rendered":"https:\/\/solucionesdeimpresion.meinsa.es\/avis-legal\/"},"modified":"2024-03-14T09:50:24","modified_gmt":"2024-03-14T09:50:24","slug":"avis-legal","status":"publish","type":"page","link":"https:\/\/solucionesdeimpresion.meinsa.es\/ca\/avis-legal\/","title":{"rendered":"Av\u00eds legal"},"content":{"rendered":"\t\t<div data-elementor-type=\"wp-page\" data-elementor-id=\"2349\" class=\"elementor elementor-2349 elementor-245\" data-elementor-post-type=\"page\">\n\t\t\t\t<div class=\"elementor-element elementor-element-a8b9b82 e-flex e-con-boxed e-con e-parent\" data-id=\"a8b9b82\" data-element_type=\"container\" data-core-v316-plus=\"true\">\n\t\t\t\t\t<div class=\"e-con-inner\">\n\t\t\t\t<div class=\"elementor-element elementor-element-5dc9f85 elementor-widget elementor-widget-heading\" data-id=\"5dc9f85\" data-element_type=\"widget\" data-widget_type=\"heading.default\">\n\t\t\t\t<div class=\"elementor-widget-container\">\n\t\t\t<h1 class=\"elementor-heading-title elementor-size-default\">Av\u00eds legal<\/h1>\t\t<\/div>\n\t\t\t\t<\/div>\n\t\t\t\t<div class=\"elementor-element elementor-element-02dacf4 elementor-widget elementor-widget-text-editor\" data-id=\"02dacf4\" data-element_type=\"widget\" data-widget_type=\"text-editor.default\">\n\t\t\t\t<div class=\"elementor-widget-container\">\n\t\t\t\t\t\t\t<p><strong>Objecte i acceptaci\u00f3<\/strong><\/p>\n<p>El present av\u00eds legal regula l&#8217;\u00fas del nostre lloc web, del qual \u00e9s titular MEINSA SISTEMES, S.L. . La navegaci\u00f3 pel lloc web de MEINSA SISTEMES, S.L. atribueix la condici\u00f3 d&#8217;usuari del mateix i implica l&#8217;acceptaci\u00f3 plena i sense reserves de totes i cadascuna de les disposicions incloses en aquest Av\u00eds Legal, que poden patir modificacions. Vost\u00e8 s&#8217;obliga a fer un \u00fas correcte del lloc web de conformitat amb les lleis, la bona fe, l&#8217;ordre p\u00fablic, els usos del tr\u00e0nsit i el present Av\u00eds Legal. El vost\u00e8 respondr\u00e0 enfront de MEINSA SISTEMES, S.L. o enfront de tercers, de qualssevol danys i perjudicis que poguessin causar-li a conseq\u00fc\u00e8ncia de l&#8217;incompliment d&#8217;aquesta obligaci\u00f3.<\/p>\n<p><strong>Identificaci\u00f3 i comunicacions<\/strong><\/p>\n<p>MEINSA SISTEMES, S.L., en compliment de la Llei 34\/2002, d&#8217;11 de juliol, de serveis de la societat de la informaci\u00f3 i de comer\u00e7 electr\u00f2nic, l&#8217;informa que:<\/p>\n<p>La seva denominaci\u00f3 social \u00e9s: MEINSA SISTEMES, S.L.<\/p>\n<p>El seu CIF es: B60841202<\/p>\n<p>El seu domicili social est\u00e0 en: C\/ GIRONA, 63 \u2013 (08009) BARCELONA<\/p>\n<p>Per a comunicar-se amb nosaltres, posem a la seva disposici\u00f3 diferents mitjans de contacte especificats en la pol\u00edtica de privacitat.<\/p>\n<p>Totes les notificacions i comunicacions que realitzi amb MEINSA SISTEMES, S.L. es consideraran efica\u00e7os, amb car\u00e0cter general, sempre que es realitzin pels mitjans especificats anteriorment<\/p>\n<p><strong>Condicions d&#8217;acc\u00e9s i utilitzaci\u00f3<\/strong><\/p>\n<p>El lloc web i els seus serveis s\u00f3n d&#8217;acc\u00e9s lliure, no obstant aix\u00f2, MEINSA SISTEMES, S.L. condiciona la utilitzaci\u00f3 d&#8217;alguns dels serveis oferts en el seu web al previ emplenament del corresponent formulari.<\/p>\n<p>Vost\u00e8 garanteix l&#8217;autenticitat i actualitat de totes aquelles dades que comuniqui a MEINSA SISTEMES, S.L. i ser\u00e0 l&#8217;\u00fanic responsable de les manifestacions falses o inexactes que realitzi.<\/p>\n<p>Vost\u00e8 es compromet expressament a fer un \u00fas adequat dels continguts i serveis de MEINSA SISTEMES, S.L. i a no emprar-los per a, entre altres:<\/p>\n<ul>\n<li>Difondre continguts, delictius, violents, pornogr\u00e0fics, racistes, xen\u00f2fob, ofensius, d&#8217;apologia del terrorisme o, en general, contraris a la llei o a l&#8217;ordre p\u00fablic.<\/li>\n<li>Introduir en la xarxa virus inform\u00e0tics o realitzar actuacions susceptibles d&#8217;alterar, espatllar, interrompre o generar errors o danys en els documents electr\u00f2nics, dades o sistemes f\u00edsics i l\u00f2gics de MEINSA SISTEMES, S.L.o de terceres persones; aix\u00ed com obstaculitzar l&#8217;acc\u00e9s d&#8217;altres usuaris al lloc web i als seus serveis mitjan\u00e7ant el consum massiu dels recursos inform\u00e0tics a trav\u00e9s dels quals MEINSA SISTEMES, S.L. presta els seus serveis.<\/li>\n<li>Intentar accedir dades d&#8217;altres persones o a \u00e0rees restringides dels sistemes inform\u00e0tics de MEINSA SISTEMES, S.L.o de tercers i, si \u00e9s el cas, extreure informaci\u00f3.<\/li>\n<li>Vulnerar els drets de propietat intel\u00b7lectual o industrial, aix\u00ed com violar la confidencialitat de la informaci\u00f3 de MEINSA SISTEMES, S.L.o de tercers.<br \/>Suplantar la identitat d&#8217;un altre usuari, de les administracions p\u00fabliques o d&#8217;un tercer.<\/li>\n<li>Reproduir, copiar, distribuir, posar a disposici\u00f3 o de qualsevol altra forma comunicar p\u00fablicament, transformar o modificar els continguts, tret que es compti amb l&#8217;autoritzaci\u00f3 del titular dels corresponents drets o aix\u00f2 resulti legalment perm\u00e8s.<\/li>\n<li>Recaptar dades amb finalitat publicit\u00e0ria i de remetre publicitat de qualsevol classe i comunicacions amb finalitats de venda o altres de naturalesa comercial sense que medi\u00ef la seva pr\u00e8via sol\u00b7licitud o consentiment.<\/li>\n<\/ul>\n<p>Tots els continguts del lloc web, com a textos, fotografies, gr\u00e0fics, imatges, icones, tecnologia, programari, aix\u00ed com el seu disseny gr\u00e0fic i codis font, constitueixen una obra la propietat de la qual pertany a MEINSA SISTEMES, S.L., sense que puguin entendre&#8217;s com cedits cap dels drets d&#8217;explotaci\u00f3 sobre els mateixos m\u00e9s enll\u00e0 de l&#8217;estrictament necessari per al correcte \u00fas de la web.<\/p>\n<p>En definitiva, vost\u00e8 que accedeix a aquest lloc web, pot visualitzar els continguts i efectuar, si \u00e9s el cas, c\u00f2pies privades autoritzades sempre que els elements reprodu\u00efts no siguin cedits posteriorment a tercers, ni s&#8217;instal\u00b7lin a servidors connectats a xarxes, ni siguin objecte de cap mena d&#8217;explotaci\u00f3.<\/p>\n<p>Aix\u00ed mateix, totes les marques, noms comercials o signes distintius de qualsevol classe que apareixen en el lloc web s\u00f3n propietat de MEINSA SISTEMES, S.L., sense que pugui entendre&#8217;s que l&#8217;\u00fas o acc\u00e9s al mateix li atribueixi dret algun sobre aquests.<\/p>\n<p>La distribuci\u00f3, modificaci\u00f3, cessi\u00f3 o comunicaci\u00f3 p\u00fablica dels continguts i qualsevol altre acte que no hagi estat expressament autoritzat pel titular dels drets d&#8217;explotaci\u00f3 queden prohibits.<\/p>\n<p>L&#8217;establiment d&#8217;un enlla\u00e7 no implica en cap cas l&#8217;exist\u00e8ncia de relacions entre MEINSA SISTEMES, S.L. i el propietari del lloc web en la qual s&#8217;estableixi, ni l&#8217;acceptaci\u00f3 i aprovaci\u00f3 per part de MEINSA SISTEMES, S.L. dels seus continguts o serveis. Aquelles persones que es proposin establir un enlla\u00e7 pr\u00e8viament hauran de sol\u00b7licitar autoritzaci\u00f3 per escrit a MEINSA SISTEMES, S.L.. En tot cas, l&#8217;enlla\u00e7 \u00fanicament permetr\u00e0 l&#8217;acc\u00e9s a la home-page o p\u00e0gina d&#8217;inici del nostre lloc web, aix\u00ed mateix haur\u00e0 d&#8217;abstenir-se de realitzar manifestacions o indicacions falses, inexactes o incorrectes sobre MEINSA SISTEMES, S.L., o incloure continguts il\u00b7l\u00edcits, contraris als bons costums i a l&#8217;ordre p\u00fablic.<\/p>\n<p>MEINSA SISTEMES, S.L. no es responsabilitza de l&#8217;\u00fas que cada usuari li doni als materials posats a disposici\u00f3 en aquest lloc web ni de les actuacions que realitzi sobre la base d&#8217;aquests.<\/p>\n<p><strong>Exclusi\u00f3 de garanties i de responsabilitat<\/strong><\/p>\n<p>MEINSA SISTEMES, S.L. exclou, fins on permet l&#8217;ordenament jur\u00eddic, qualsevol responsabilitat pels danys i perjudicis de tota naturalesa derivats de:<\/p>\n<ul>\n<li>La impossibilitat d&#8217;acc\u00e9s al lloc web o la falta de veracitat, exactitud, exhaustivitat i\/o actualitat dels continguts, aix\u00ed com l&#8217;exist\u00e8ncia de vicis i defectes de tota classe dels continguts transmesos, difosos, emmagatzemats, posats a disposici\u00f3 als quals s&#8217;hagi accedit a trav\u00e9s del lloc web o dels serveis que s&#8217;ofereixen.<\/li>\n<li>La pres\u00e8ncia de virus o d&#8217;altres elements en els continguts que puguin produir alteracions en els sistemes inform\u00e0tics, documents electr\u00f2nics o dades dels usuaris.<\/li>\n<li>L&#8217;incompliment de les lleis, la bona fe, l&#8217;ordre p\u00fablic, els usos del tr\u00e0nsit i el present av\u00eds legal a conseq\u00fc\u00e8ncia de l&#8217;\u00fas incorrecte del lloc web. En particular, i a mode ejemplificativo, MEINSA SISTEMES, S.l.no es fa responsable de les actuacions de tercers que vulnerin drets de propietat intel\u00b7lectual i industrial, secrets empresarials, drets a l&#8217;honor, a la intimitat personal i familiar i a la pr\u00f2pia imatge, aix\u00ed com la normativa en mat\u00e8ria de compet\u00e8ncia deslleial i publicitat il\u00b7l\u00edcita.<\/li>\n<\/ul>\n<p>Aix\u00ed mateix, MEINSA SISTEMES, S.L. declina qualsevol responsabilitat respecte a la informaci\u00f3 que es trobi fora d&#8217;aquesta web i no sigui gestionada directament pel nostre webmaster. La funci\u00f3 dels links que apareixen en aquesta web \u00e9s exclusivament la d&#8217;informar l&#8217;usuari sobre l&#8217;exist\u00e8ncia d&#8217;altres fonts susceptibles d&#8217;ampliar els continguts que ofereix aquest lloc web. MEINSA SISTEMES, S.L. no garanteix ni es responsabilitza del funcionament o accessibilitat dels llocs enlla\u00e7ats; ni suggereix, convida o recomana la visita a aquests, per la qual cosa tampoc ser\u00e0 responsable del resultat obtingut. MEINSA SISTEMES, S.L. no es responsabilitza de l&#8217;establiment d&#8217;enlla\u00e7os per part de tercers.<\/p>\n<p><strong>Procediment en cas de realitzaci\u00f3 d&#8217;activitats de car\u00e0cter il\u00b7l\u00edcit<\/strong><\/p>\n<p>En el cas que vost\u00e8 o un tercer consideri que existeixen fets o circumst\u00e0ncies que revelin el car\u00e0cter il\u00b7l\u00edcit de la utilitzaci\u00f3 de qualsevol contingut i\/o de la realitzaci\u00f3 de qualsevol activitat en les p\u00e0gines web incloses o accessibles a trav\u00e9s del lloc web, haur\u00e0 de posar-se en contacte amb MEINSA SISTEMES, S.L. identificant-se degudament, especificant les suposades infraccions i declarant expressament i sota la seva responsabilitat que la informaci\u00f3 proporcionada en la notificaci\u00f3 \u00e9s exacta.<\/p>\n<p>Per a tota q\u00fcesti\u00f3 litigiosa que incumbeixi el lloc web de MEINSA SISTEMES, S.L., ser\u00e0 aplicable la legislaci\u00f3 espanyola, sent competents els Jutjats i Tribunals m\u00e9s pr\u00f2xims a la seu de (Espanya).<\/p>\n<p><strong>Publicacions<\/strong><\/p>\n<p>La informaci\u00f3 administrativa facilitada a trav\u00e9s del lloc web no substitueix la publicitat legal de les lleis, normatives, plans, disposicions generals i actes que hagin de ser publicats formalment als diaris oficials de les administracions p\u00fabliques, que constitueixen l&#8217;\u00fanic instrument que dona fe de la seva autenticitat i contingut. La informaci\u00f3 disponible en aquest lloc web ha d&#8217;entendre&#8217;s com una guia sense prop\u00f2sit de validesa legal.<\/p>\n\t\t\t\t\t\t<\/div>\n\t\t\t\t<\/div>\n\t\t\t\t\t<\/div>\n\t\t\t\t<\/div>\n\t\t\t\t<\/div>\n\t\t","protected":false},"excerpt":{"rendered":"<p>Av\u00eds legal Objecte i acceptaci\u00f3 El present av\u00eds legal regula l&#8217;\u00fas del nostre lloc web, del qual \u00e9s titular MEINSA SISTEMES, S.L. . La navegaci\u00f3 pel lloc web de MEINSA SISTEMES, S.L. atribueix la condici\u00f3 d&#8217;usuari del mateix i implica l&#8217;acceptaci\u00f3 plena i sense reserves de totes i cadascuna de les disposicions incloses en aquest [&hellip;]<\/p>\n","protected":false},"author":1,"featured_media":0,"parent":0,"menu_order":0,"comment_status":"closed","ping_status":"closed","template":"elementor_header_footer","meta":{"footnotes":""},"class_list":["post-2349","page","type-page","status-publish","hentry"],"yoast_head":"<!-- This site is optimized with the Yoast SEO plugin v23.4 - https:\/\/yoast.com\/wordpress\/plugins\/seo\/ -->\n<title>Av\u00eds Legal: Transpar\u00e8ncia en Impressi\u00f3<\/title>\n<meta name=\"description\" content=\"Consulta el nostre av\u00eds legal per a con\u00e8ixer tots els detalls sobre les nostres operacions d&#039;impressi\u00f3 i comprom\u00eds amb la transpar\u00e8ncia.\" \/>\n<meta name=\"robots\" content=\"index, follow, max-snippet:-1, max-image-preview:large, max-video-preview:-1\" \/>\n<link rel=\"canonical\" href=\"https:\/\/solucionesdeimpresion.meinsa.es\/ca\/avis-legal\/\" \/>\n<meta property=\"og:locale\" content=\"ca_ES\" \/>\n<meta property=\"og:type\" content=\"article\" \/>\n<meta property=\"og:title\" content=\"Av\u00eds Legal: Transpar\u00e8ncia en Impressi\u00f3\" \/>\n<meta property=\"og:description\" content=\"Consulta el nostre av\u00eds legal per a con\u00e8ixer tots els detalls sobre les nostres operacions d&#039;impressi\u00f3 i comprom\u00eds amb la transpar\u00e8ncia.\" \/>\n<meta property=\"og:url\" content=\"https:\/\/solucionesdeimpresion.meinsa.es\/ca\/avis-legal\/\" \/>\n<meta property=\"og:site_name\" content=\"Solucions d&#039;impressi\u00f3 Meinsa\" \/>\n<meta property=\"article:modified_time\" content=\"2024-03-14T09:50:24+00:00\" \/>\n<meta name=\"twitter:card\" content=\"summary_large_image\" \/>\n<meta name=\"twitter:label1\" content=\"Temps estimat de lectura\" \/>\n\t<meta name=\"twitter:data1\" content=\"7 minuts\" \/>\n<script type=\"application\/ld+json\" class=\"yoast-schema-graph\">{\"@context\":\"https:\/\/schema.org\",\"@graph\":[{\"@type\":\"WebPage\",\"@id\":\"https:\/\/solucionesdeimpresion.meinsa.es\/ca\/avis-legal\/\",\"url\":\"https:\/\/solucionesdeimpresion.meinsa.es\/ca\/avis-legal\/\",\"name\":\"Av\u00eds Legal: Transpar\u00e8ncia en Impressi\u00f3\",\"isPartOf\":{\"@id\":\"https:\/\/solucionesdeimpresion.meinsa.es\/ca\/#website\"},\"datePublished\":\"2024-02-10T23:28:14+00:00\",\"dateModified\":\"2024-03-14T09:50:24+00:00\",\"description\":\"Consulta el nostre av\u00eds legal per a con\u00e8ixer tots els detalls sobre les nostres operacions d'impressi\u00f3 i comprom\u00eds amb la transpar\u00e8ncia.\",\"breadcrumb\":{\"@id\":\"https:\/\/solucionesdeimpresion.meinsa.es\/ca\/avis-legal\/#breadcrumb\"},\"inLanguage\":\"ca\",\"potentialAction\":[{\"@type\":\"ReadAction\",\"target\":[\"https:\/\/solucionesdeimpresion.meinsa.es\/ca\/avis-legal\/\"]}]},{\"@type\":\"BreadcrumbList\",\"@id\":\"https:\/\/solucionesdeimpresion.meinsa.es\/ca\/avis-legal\/#breadcrumb\",\"itemListElement\":[{\"@type\":\"ListItem\",\"position\":1,\"name\":\"Soluciones\",\"item\":\"https:\/\/solucionesdeimpresion.meinsa.es\/ca\/\"},{\"@type\":\"ListItem\",\"position\":2,\"name\":\"Av\u00eds legal\"}]},{\"@type\":\"WebSite\",\"@id\":\"https:\/\/solucionesdeimpresion.meinsa.es\/ca\/#website\",\"url\":\"https:\/\/solucionesdeimpresion.meinsa.es\/ca\/\",\"name\":\"Soluciones de Impresi\u00f3n | Meinsa sistemas\",\"description\":\"\",\"publisher\":{\"@id\":\"https:\/\/solucionesdeimpresion.meinsa.es\/ca\/#organization\"},\"potentialAction\":[{\"@type\":\"SearchAction\",\"target\":{\"@type\":\"EntryPoint\",\"urlTemplate\":\"https:\/\/solucionesdeimpresion.meinsa.es\/ca\/?s={search_term_string}\"},\"query-input\":{\"@type\":\"PropertyValueSpecification\",\"valueRequired\":true,\"valueName\":\"search_term_string\"}}],\"inLanguage\":\"ca\"},{\"@type\":\"Organization\",\"@id\":\"https:\/\/solucionesdeimpresion.meinsa.es\/ca\/#organization\",\"name\":\"Meinsa sistemas\",\"url\":\"https:\/\/solucionesdeimpresion.meinsa.es\/ca\/\",\"logo\":{\"@type\":\"ImageObject\",\"inLanguage\":\"ca\",\"@id\":\"https:\/\/solucionesdeimpresion.meinsa.es\/ca\/#\/schema\/logo\/image\/\",\"url\":\"https:\/\/solucionesdeimpresion.meinsa.es\/wp-content\/uploads\/2024\/02\/Isotip_meinsa_72dpiPNG-hori-REC.png\",\"contentUrl\":\"https:\/\/solucionesdeimpresion.meinsa.es\/wp-content\/uploads\/2024\/02\/Isotip_meinsa_72dpiPNG-hori-REC.png\",\"width\":971,\"height\":438,\"caption\":\"Meinsa sistemas\"},\"image\":{\"@id\":\"https:\/\/solucionesdeimpresion.meinsa.es\/ca\/#\/schema\/logo\/image\/\"},\"sameAs\":[\"https:\/\/www.linkedin.com\/company\/meinsa-sistemas-s-l\/\"]}]}<\/script>\n<!-- \/ Yoast SEO plugin. -->","yoast_head_json":{"title":"Av\u00eds Legal: Transpar\u00e8ncia en Impressi\u00f3","description":"Consulta el nostre av\u00eds legal per a con\u00e8ixer tots els detalls sobre les nostres operacions d'impressi\u00f3 i comprom\u00eds amb la transpar\u00e8ncia.","robots":{"index":"index","follow":"follow","max-snippet":"max-snippet:-1","max-image-preview":"max-image-preview:large","max-video-preview":"max-video-preview:-1"},"canonical":"https:\/\/solucionesdeimpresion.meinsa.es\/ca\/avis-legal\/","og_locale":"ca_ES","og_type":"article","og_title":"Av\u00eds Legal: Transpar\u00e8ncia en Impressi\u00f3","og_description":"Consulta el nostre av\u00eds legal per a con\u00e8ixer tots els detalls sobre les nostres operacions d'impressi\u00f3 i comprom\u00eds amb la transpar\u00e8ncia.","og_url":"https:\/\/solucionesdeimpresion.meinsa.es\/ca\/avis-legal\/","og_site_name":"Solucions d'impressi\u00f3 Meinsa","article_modified_time":"2024-03-14T09:50:24+00:00","twitter_card":"summary_large_image","twitter_misc":{"Temps estimat de lectura":"7 minuts"},"schema":{"@context":"https:\/\/schema.org","@graph":[{"@type":"WebPage","@id":"https:\/\/solucionesdeimpresion.meinsa.es\/ca\/avis-legal\/","url":"https:\/\/solucionesdeimpresion.meinsa.es\/ca\/avis-legal\/","name":"Av\u00eds Legal: Transpar\u00e8ncia en Impressi\u00f3","isPartOf":{"@id":"https:\/\/solucionesdeimpresion.meinsa.es\/ca\/#website"},"datePublished":"2024-02-10T23:28:14+00:00","dateModified":"2024-03-14T09:50:24+00:00","description":"Consulta el nostre av\u00eds legal per a con\u00e8ixer tots els detalls sobre les nostres operacions d'impressi\u00f3 i comprom\u00eds amb la transpar\u00e8ncia.","breadcrumb":{"@id":"https:\/\/solucionesdeimpresion.meinsa.es\/ca\/avis-legal\/#breadcrumb"},"inLanguage":"ca","potentialAction":[{"@type":"ReadAction","target":["https:\/\/solucionesdeimpresion.meinsa.es\/ca\/avis-legal\/"]}]},{"@type":"BreadcrumbList","@id":"https:\/\/solucionesdeimpresion.meinsa.es\/ca\/avis-legal\/#breadcrumb","itemListElement":[{"@type":"ListItem","position":1,"name":"Soluciones","item":"https:\/\/solucionesdeimpresion.meinsa.es\/ca\/"},{"@type":"ListItem","position":2,"name":"Av\u00eds legal"}]},{"@type":"WebSite","@id":"https:\/\/solucionesdeimpresion.meinsa.es\/ca\/#website","url":"https:\/\/solucionesdeimpresion.meinsa.es\/ca\/","name":"Soluciones de Impresi\u00f3n | Meinsa sistemas","description":"","publisher":{"@id":"https:\/\/solucionesdeimpresion.meinsa.es\/ca\/#organization"},"potentialAction":[{"@type":"SearchAction","target":{"@type":"EntryPoint","urlTemplate":"https:\/\/solucionesdeimpresion.meinsa.es\/ca\/?s={search_term_string}"},"query-input":{"@type":"PropertyValueSpecification","valueRequired":true,"valueName":"search_term_string"}}],"inLanguage":"ca"},{"@type":"Organization","@id":"https:\/\/solucionesdeimpresion.meinsa.es\/ca\/#organization","name":"Meinsa sistemas","url":"https:\/\/solucionesdeimpresion.meinsa.es\/ca\/","logo":{"@type":"ImageObject","inLanguage":"ca","@id":"https:\/\/solucionesdeimpresion.meinsa.es\/ca\/#\/schema\/logo\/image\/","url":"https:\/\/solucionesdeimpresion.meinsa.es\/wp-content\/uploads\/2024\/02\/Isotip_meinsa_72dpiPNG-hori-REC.png","contentUrl":"https:\/\/solucionesdeimpresion.meinsa.es\/wp-content\/uploads\/2024\/02\/Isotip_meinsa_72dpiPNG-hori-REC.png","width":971,"height":438,"caption":"Meinsa sistemas"},"image":{"@id":"https:\/\/solucionesdeimpresion.meinsa.es\/ca\/#\/schema\/logo\/image\/"},"sameAs":["https:\/\/www.linkedin.com\/company\/meinsa-sistemas-s-l\/"]}]}},"_links":{"self":[{"href":"https:\/\/solucionesdeimpresion.meinsa.es\/ca\/wp-json\/wp\/v2\/pages\/2349","targetHints":{"allow":["GET"]}}],"collection":[{"href":"https:\/\/solucionesdeimpresion.meinsa.es\/ca\/wp-json\/wp\/v2\/pages"}],"about":[{"href":"https:\/\/solucionesdeimpresion.meinsa.es\/ca\/wp-json\/wp\/v2\/types\/page"}],"author":[{"embeddable":true,"href":"https:\/\/solucionesdeimpresion.meinsa.es\/ca\/wp-json\/wp\/v2\/users\/1"}],"replies":[{"embeddable":true,"href":"https:\/\/solucionesdeimpresion.meinsa.es\/ca\/wp-json\/wp\/v2\/comments?post=2349"}],"version-history":[{"count":1,"href":"https:\/\/solucionesdeimpresion.meinsa.es\/ca\/wp-json\/wp\/v2\/pages\/2349\/revisions"}],"predecessor-version":[{"id":2350,"href":"https:\/\/solucionesdeimpresion.meinsa.es\/ca\/wp-json\/wp\/v2\/pages\/2349\/revisions\/2350"}],"wp:attachment":[{"href":"https:\/\/solucionesdeimpresion.meinsa.es\/ca\/wp-json\/wp\/v2\/media?parent=2349"}],"curies":[{"name":"wp","href":"https:\/\/api.w.org\/{rel}","templated":true}]}}